{"id":2686,"date":"2019-03-13T14:44:32","date_gmt":"2019-03-13T13:44:32","guid":{"rendered":"http:\/\/aixadreams.com\/home\/"},"modified":"2019-10-21T11:13:28","modified_gmt":"2019-10-21T09:13:28","slug":"home","status":"publish","type":"page","link":"https:\/\/antiguaaixa.citysem.net\/en\/home\/","title":{"rendered":"Home"},"content":{"rendered":"","protected":false},"excerpt":{"rendered":"","protected":false},"author":3,"featured_media":0,"parent":0,"menu_order":0,"comment_status":"closed","ping_status":"closed","template":"","meta":{"footnotes":""},"class_list":["post-2686","page","type-page","status-publish","hentry"],"yoast_head":"<!-- This site is optimized with the Yoast SEO plugin v19.11 - https:\/\/yoast.com\/wordpress\/plugins\/seo\/ -->\n<title>Home - Aixa Dreams<\/title>\n<meta name=\"description\" content=\"Ponte en Contacto con Nuestro Equipo y Consigue tu Experiencia Wow Inolvidable. Eventos con Coraz\u00f3n y Sentimiento solo al Alcance del P\u00fablico mas Selecto. Experiencias Privadas. Experiencia para Empresas. Granada es Nuestra Casa. Cont\u00e1ctanos e Inf\u00f3rmate.\" \/>\n<meta name=\"robots\" content=\"noindex, follow, max-snippet:-1, max-image-preview:large, max-video-preview:-1\" \/>\n<meta property=\"og:locale\" content=\"en_US\" \/>\n<meta property=\"og:type\" content=\"article\" \/>\n<meta property=\"og:title\" content=\"Home - Aixa Dreams\" \/>\n<meta property=\"og:description\" content=\"Ponte en Contacto con Nuestro Equipo y Consigue tu Experiencia Wow Inolvidable. Eventos con Coraz\u00f3n y Sentimiento solo al Alcance del P\u00fablico mas Selecto. Experiencias Privadas. Experiencia para Empresas. Granada es Nuestra Casa. Cont\u00e1ctanos e Inf\u00f3rmate.\" \/>\n<meta property=\"og:url\" content=\"https:\/\/antiguaaixa.citysem.net\/en\/home\/\" \/>\n<meta property=\"og:site_name\" content=\"Aixa Dreams\" \/>\n<meta property=\"article:modified_time\" content=\"2019-10-21T09:13:28+00:00\" \/>\n<meta name=\"twitter:card\" content=\"summary_large_image\" \/>\n<script type=\"application\/ld+json\" class=\"yoast-schema-graph\">{\"@context\":\"https:\/\/schema.org\",\"@graph\":[{\"@type\":\"WebPage\",\"@id\":\"https:\/\/antiguaaixa.citysem.net\/en\/home\/\",\"url\":\"https:\/\/antiguaaixa.citysem.net\/en\/home\/\",\"name\":\"Home - Aixa Dreams\",\"isPartOf\":{\"@id\":\"https:\/\/antiguaaixa.citysem.net\/#website\"},\"datePublished\":\"2019-03-13T13:44:32+00:00\",\"dateModified\":\"2019-10-21T09:13:28+00:00\",\"description\":\"Ponte en Contacto con Nuestro Equipo y Consigue tu Experiencia Wow Inolvidable. Eventos con Coraz\u00f3n y Sentimiento solo al Alcance del P\u00fablico mas Selecto. Experiencias Privadas. Experiencia para Empresas. Granada es Nuestra Casa. Cont\u00e1ctanos e Inf\u00f3rmate.\",\"breadcrumb\":{\"@id\":\"https:\/\/antiguaaixa.citysem.net\/en\/home\/#breadcrumb\"},\"inLanguage\":\"en-US\",\"potentialAction\":[{\"@type\":\"ReadAction\",\"target\":[\"https:\/\/antiguaaixa.citysem.net\/en\/home\/\"]}]},{\"@type\":\"BreadcrumbList\",\"@id\":\"https:\/\/antiguaaixa.citysem.net\/en\/home\/#breadcrumb\",\"itemListElement\":[{\"@type\":\"ListItem\",\"position\":1,\"name\":\"Portada\",\"item\":\"https:\/\/antiguaaixa.citysem.net\/en\/\"},{\"@type\":\"ListItem\",\"position\":2,\"name\":\"Home\"}]},{\"@type\":\"WebSite\",\"@id\":\"https:\/\/antiguaaixa.citysem.net\/#website\",\"url\":\"https:\/\/antiguaaixa.citysem.net\/\",\"name\":\"Aixa Dreams\",\"description\":\"- Servicios tur\u00edsticos en Espa\u00f1a, Portugal y Marruecos\",\"potentialAction\":[{\"@type\":\"SearchAction\",\"target\":{\"@type\":\"EntryPoint\",\"urlTemplate\":\"https:\/\/antiguaaixa.citysem.net\/?s={search_term_string}\"},\"query-input\":\"required name=search_term_string\"}],\"inLanguage\":\"en-US\"}]}<\/script>\n<!-- \/ Yoast SEO plugin. -->","yoast_head_json":{"title":"Home - Aixa Dreams","description":"Ponte en Contacto con Nuestro Equipo y Consigue tu Experiencia Wow Inolvidable. Eventos con Coraz\u00f3n y Sentimiento solo al Alcance del P\u00fablico mas Selecto. Experiencias Privadas. Experiencia para Empresas. Granada es Nuestra Casa. Cont\u00e1ctanos e Inf\u00f3rmate.","robots":{"index":"noindex","follow":"follow","max-snippet":"max-snippet:-1","max-image-preview":"max-image-preview:large","max-video-preview":"max-video-preview:-1"},"og_locale":"en_US","og_type":"article","og_title":"Home - Aixa Dreams","og_description":"Ponte en Contacto con Nuestro Equipo y Consigue tu Experiencia Wow Inolvidable. Eventos con Coraz\u00f3n y Sentimiento solo al Alcance del P\u00fablico mas Selecto. Experiencias Privadas. Experiencia para Empresas. Granada es Nuestra Casa. Cont\u00e1ctanos e Inf\u00f3rmate.","og_url":"https:\/\/antiguaaixa.citysem.net\/en\/home\/","og_site_name":"Aixa Dreams","article_modified_time":"2019-10-21T09:13:28+00:00","twitter_card":"summary_large_image","schema":{"@context":"https:\/\/schema.org","@graph":[{"@type":"WebPage","@id":"https:\/\/antiguaaixa.citysem.net\/en\/home\/","url":"https:\/\/antiguaaixa.citysem.net\/en\/home\/","name":"Home - Aixa Dreams","isPartOf":{"@id":"https:\/\/antiguaaixa.citysem.net\/#website"},"datePublished":"2019-03-13T13:44:32+00:00","dateModified":"2019-10-21T09:13:28+00:00","description":"Ponte en Contacto con Nuestro Equipo y Consigue tu Experiencia Wow Inolvidable. Eventos con Coraz\u00f3n y Sentimiento solo al Alcance del P\u00fablico mas Selecto. Experiencias Privadas. Experiencia para Empresas. Granada es Nuestra Casa. Cont\u00e1ctanos e Inf\u00f3rmate.","breadcrumb":{"@id":"https:\/\/antiguaaixa.citysem.net\/en\/home\/#breadcrumb"},"inLanguage":"en-US","potentialAction":[{"@type":"ReadAction","target":["https:\/\/antiguaaixa.citysem.net\/en\/home\/"]}]},{"@type":"BreadcrumbList","@id":"https:\/\/antiguaaixa.citysem.net\/en\/home\/#breadcrumb","itemListElement":[{"@type":"ListItem","position":1,"name":"Portada","item":"https:\/\/antiguaaixa.citysem.net\/en\/"},{"@type":"ListItem","position":2,"name":"Home"}]},{"@type":"WebSite","@id":"https:\/\/antiguaaixa.citysem.net\/#website","url":"https:\/\/antiguaaixa.citysem.net\/","name":"Aixa Dreams","description":"- Servicios tur\u00edsticos en Espa\u00f1a, Portugal y Marruecos","potentialAction":[{"@type":"SearchAction","target":{"@type":"EntryPoint","urlTemplate":"https:\/\/antiguaaixa.citysem.net\/?s={search_term_string}"},"query-input":"required name=search_term_string"}],"inLanguage":"en-US"}]}},"_links":{"self":[{"href":"https:\/\/antiguaaixa.citysem.net\/en\/wp-json\/wp\/v2\/pages\/2686","targetHints":{"allow":["GET"]}}],"collection":[{"href":"https:\/\/antiguaaixa.citysem.net\/en\/wp-json\/wp\/v2\/pages"}],"about":[{"href":"https:\/\/antiguaaixa.citysem.net\/en\/wp-json\/wp\/v2\/types\/page"}],"author":[{"embeddable":true,"href":"https:\/\/antiguaaixa.citysem.net\/en\/wp-json\/wp\/v2\/users\/3"}],"replies":[{"embeddable":true,"href":"https:\/\/antiguaaixa.citysem.net\/en\/wp-json\/wp\/v2\/comments?post=2686"}],"version-history":[{"count":1,"href":"https:\/\/antiguaaixa.citysem.net\/en\/wp-json\/wp\/v2\/pages\/2686\/revisions"}],"predecessor-version":[{"id":2688,"href":"https:\/\/antiguaaixa.citysem.net\/en\/wp-json\/wp\/v2\/pages\/2686\/revisions\/2688"}],"wp:attachment":[{"href":"https:\/\/antiguaaixa.citysem.net\/en\/wp-json\/wp\/v2\/media?parent=2686"}],"curies":[{"name":"wp","href":"https:\/\/api.w.org\/{rel}","templated":true}]}}